{"id":4,"date":"2015-08-24T16:23:54","date_gmt":"2015-08-24T21:23:54","guid":{"rendered":"http:\/\/faculty.bemidjistate.edu\/ckippenhan2\/?page_id=4"},"modified":"2024-01-11T09:35:30","modified_gmt":"2024-01-11T15:35:30","slug":"welcome","status":"publish","type":"page","link":"https:\/\/faculty.bemidjistate.edu\/ckippenhan\/","title":{"rendered":"Home"},"content":{"rendered":"\n<div class=\"wp-block-media-text is-stacked-on-mobile\"><figure class=\"wp-block-media-text__media\"><img loading=\"lazy\" decoding=\"async\" width=\"644\" height=\"427\" src=\"https:\/\/faculty.bemidjistate.edu\/ckippenhan\/wp-content\/uploads\/sites\/4\/2015\/08\/2011_Convocation_0031-644x427.jpg\" alt=\"\" class=\"wp-image-17 size-full\" srcset=\"https:\/\/faculty.bemidjistate.edu\/ckippenhan\/wp-content\/uploads\/sites\/4\/2015\/08\/2011_Convocation_0031-644x427.jpg 644w, https:\/\/faculty.bemidjistate.edu\/ckippenhan\/wp-content\/uploads\/sites\/4\/2015\/08\/2011_Convocation_0031-300x199.jpg 300w\" sizes=\"auto, (max-width: 644px) 100vw, 644px\" \/><\/figure><div class=\"wp-block-media-text__content\">\n<p>B. Christina (Christel) Kippenhan, Ph.D.<br>Professor &#8211; Sports Biomechanist<\/p>\n\n\n\n<p>Department of Human Performance, Sport &amp; Health<br>Bemidji State University<br>1500 Birchmont Dr NE #29<br>Bemidji, MN 56601<\/p>\n<\/div><\/div>\n\n\n\n<h3 class=\"wp-block-heading\">Education<\/h3>\n\n\n\n<h4 class=\"wp-block-heading\">The University of Iowa, Iowa City, IA<\/h4>\n\n\n\n<p>Ph.D. in Exercise Science with Specialization in Sports Biomechanics<br>Dissertation:&nbsp;&nbsp; Distinguishing Characteristics of an Effective Kick in Breaststroke Swimming<\/p>\n\n\n\n<h4 class=\"wp-block-heading\">Ruprecht-Karls Universit\u00e4t, Heidelberg, Germany<\/h4>\n\n\n\n<p>&#8220;Staatsexamen&#8221; in Sport Sciences and Mathematics<br>Thesis:&nbsp;&nbsp; \u00dcberpr\u00fcfung der Geschwindigkeits-Zeit-Verl\u00e4ufe bei D-Kader SchwimmerInnen mittels der Sensor-Video-PC-Kopplung<\/p>\n\n\n\n<h4 class=\"wp-block-heading\">Florida Southern College, Lakeland, FL<\/h4>\n\n\n\n<p>exchange student<\/p>\n\n\n\n<h3 class=\"wp-block-heading\"><a href=\"http:\/\/faculty.bemidjistate.edu\/ckippenhan2\/wp-content\/uploads\/sites\/4\/2015\/08\/tri-tryptic-e1444846126283.jpg\"><img loading=\"lazy\" decoding=\"async\" class=\"aligncenter size-full wp-image-54\" src=\"http:\/\/faculty.bemidjistate.edu\/ckippenhan2\/wp-content\/uploads\/sites\/4\/2015\/08\/tri-tryptic-e1444846126283.jpg\" alt=\"tri tryptic\" width=\"1731\" height=\"525\"><\/a>Publications<\/h3>\n\n\n\n<p>Hay, J.G., Thorson, E.M., &amp; Kippenhan, B.C. (1999). Muscle Length Changes During the Take-off of a Running Long Jump. Journal of Sports Sciences. 17(2), 159-172.<\/p>\n\n\n\n<p>Hay, J.G., Thorson, E.M., &amp; Kippenhan, B.C. (1996). Why Have Our Women Long Jumper Been Much Less Successful Than Our Men? Track Coach, Fall 1996(137), 4374-4377.<\/p>\n\n\n\n<h3 class=\"wp-block-heading\">Presentations<\/h3>\n\n\n\n<ul class=\"wp-block-list\">\n<li>Kippenhan, B.C. (2014, October).&nbsp; <em>From Running to Triathlon &#8230; From Losing Weight to World Championships<\/em>. Expo at the 2nd Blue Ox Marathon, Bemidji, MN.<\/li>\n\n\n\n<li>Kippenhan, B.C. (2013, September). <em>From Ritschweier to Bemidji &#8230; Detours that shaped my life<\/em>. 1st Bemidji State University International Day, Bemidji, MN.<\/li>\n\n\n\n<li>Kippenhan, B.C. &amp; Knoke, K. (2009, May).&nbsp; <em>Relationship Between Crossbar Height Cleared and Approach Run Velocity for Non-elite and Elite Pole Vaulters<\/em>.&nbsp; 56th Annual Meeting of the American College of Sports Medicine, Seattle, WA.<\/li>\n\n\n\n<li>Jellis, B.W. &amp; Kippenhan, B.C. (2004, August).&nbsp; <em>The effects of elastic groin wrapping on the kinematics of ice skating<\/em>.&nbsp; XXII. Annual Symposium of the International Society of Biomechanics in Sports, Ottawa, ON, Canada.<\/li>\n\n\n\n<li>Yanai. T. &amp; Kippenhan, B.C. (2003, September). <em>Jim Hay&#8217;s methodological developments for biomechanical analysis of swimming technique<\/em>. 27th Annual Meeting of the American Society of Biomechanics, Toledo, OH.<\/li>\n\n\n\n<li>Kippenhan, B.C. (2002, September). <i>Distinguishing Characteristics of an Effective Kick in Breaststroke Swimming<\/i>. Brown Bag Luncheon, Bemidji State University, Bemidji, MN<\/li>\n\n\n\n<li>Kippenhan, B.C. (2002, July). <em>Lower-extremity joint angles used during the breaststroke whip kick and the influence of flexibility on the effectiveness of the kick<\/em>. XX. Annual Symposium of the International Society of Biomechanics in Sports, C\u00e1ceres, Spain.<\/li>\n\n\n\n<li>Kippenhan, B.C. (2001, June). <em>Influence of Lower Extremity Joint Motions on the Effectiveness of the Kick in Breaststroke Swimming<\/em>. XIX. Annual Symposium of the International Society of Biomechanics in Sports. San Francisco, CA.<\/li>\n\n\n\n<li>Kippenhan, B.C. (2001, May). <em>Distinguishing Kinematic Parameters of an Effective Kick in Breaststroke Swimming<\/em>.&nbsp; 48th Annual Meeting of the American College of Sports Medicine, Baltimore, MD.<\/li>\n\n\n\n<li>Kippenhan, B.C. &amp; Yanai, T. (1995, May). <em>Limb Motion and Body Roll in Skilled and Unskilled Front Crawl Swimmers<\/em>. 42nd Annual Meeting of the American College of Sports Medicine, Minneapolis, MN.<\/li>\n\n\n\n<li>Kippenhan, B.C. &amp; Hay, J.G. (1994, October). <em>Body Roll and Breathing Action in Skilled and Unskilled Front Crawl Swimmers.<\/em> 18th Annual Meeting of the American Society of Biomechanics, Columbus, OH.<\/li>\n<\/ul>\n","protected":false},"excerpt":{"rendered":"<p>B. Christina (Christel) Kippenhan, Ph.D.Professor &#8211; Sports Biomechanist Department of Human Performance, Sport &amp; HealthBemidji State University1500 Birchmont Dr NE #29Bemidji, MN 56601 Education The University of Iowa, Iowa City, IA Ph.D. in Exercise Science with Specialization in Sports BiomechanicsDissertation:&nbsp;&nbsp; Distinguishing Characteristics of an Effective Kick in Breaststroke Swimming Ruprecht-Karls Universit\u00e4t, Heidelberg, Germany &#8220;Staatsexamen&#8221; in [&hellip;]<\/p>\n","protected":false},"author":1,"featured_media":26,"parent":0,"menu_order":0,"comment_status":"closed","ping_status":"closed","template":"","meta":{"footnotes":""},"class_list":["post-4","page","type-page","status-publish","has-post-thumbnail","hentry"],"_links":{"self":[{"href":"https:\/\/faculty.bemidjistate.edu\/ckippenhan\/wp-json\/wp\/v2\/pages\/4","targetHints":{"allow":["GET"]}}],"collection":[{"href":"https:\/\/faculty.bemidjistate.edu\/ckippenhan\/wp-json\/wp\/v2\/pages"}],"about":[{"href":"https:\/\/faculty.bemidjistate.edu\/ckippenhan\/wp-json\/wp\/v2\/types\/page"}],"author":[{"embeddable":true,"href":"https:\/\/faculty.bemidjistate.edu\/ckippenhan\/wp-json\/wp\/v2\/users\/1"}],"replies":[{"embeddable":true,"href":"https:\/\/faculty.bemidjistate.edu\/ckippenhan\/wp-json\/wp\/v2\/comments?post=4"}],"version-history":[{"count":3,"href":"https:\/\/faculty.bemidjistate.edu\/ckippenhan\/wp-json\/wp\/v2\/pages\/4\/revisions"}],"predecessor-version":[{"id":205,"href":"https:\/\/faculty.bemidjistate.edu\/ckippenhan\/wp-json\/wp\/v2\/pages\/4\/revisions\/205"}],"wp:featuredmedia":[{"embeddable":true,"href":"https:\/\/faculty.bemidjistate.edu\/ckippenhan\/wp-json\/wp\/v2\/media\/26"}],"wp:attachment":[{"href":"https:\/\/faculty.bemidjistate.edu\/ckippenhan\/wp-json\/wp\/v2\/media?parent=4"}],"curies":[{"name":"wp","href":"https:\/\/api.w.org\/{rel}","templated":true}]}}